{"id":345,"date":"2021-03-26T16:18:42","date_gmt":"2021-03-26T21:18:42","guid":{"rendered":"https:\/\/gestconocimiento.org\/cigcpm2022\/?page_id=345"},"modified":"2022-05-18T08:54:14","modified_gmt":"2022-05-18T13:54:14","slug":"costos","status":"publish","type":"page","link":"https:\/\/gestconocimiento.org\/cigcpm2022\/costos\/","title":{"rendered":"Costos"},"content":{"rendered":"<p>[et_pb_section fb_built=&#8221;1&#8243; admin_label=&#8221;Hero&#8221; _builder_version=&#8221;4.16&#8243; background_color=&#8221;#313476&#8243; use_background_color_gradient=&#8221;on&#8221; background_color_gradient_direction=&#8221;90deg&#8221; background_color_gradient_stops=&#8221;#09164c 0%|#39147c 100%&#8221; background_color_gradient_start=&#8221;#09164c&#8221; background_color_gradient_end=&#8221;#39147c&#8221; custom_padding=&#8221;100px|0px|0px|0px&#8221; box_shadow_style=&#8221;preset7&#8243; box_shadow_horizontal=&#8221;0px&#8221; box_shadow_vertical=&#8221;-300px&#8221; box_shadow_color=&#8221;#f5f9fb&#8221; global_colors_info=&#8221;{}&#8221;][et_pb_row _builder_version=&#8221;4.16&#8243; background_size=&#8221;initial&#8221; background_position=&#8221;top_left&#8221; background_repeat=&#8221;repeat&#8221; max_width=&#8221;1625px&#8221; custom_margin=&#8221;|||&#8221; custom_margin_tablet=&#8221;80px|||&#8221; custom_margin_last_edited=&#8221;off|desktop&#8221; use_custom_width=&#8221;on&#8221; custom_width_px=&#8221;1625px&#8221; global_colors_info=&#8221;{}&#8221;][et_pb_column type=&#8221;4_4&#8243; _builder_version=&#8221;4.16&#8243; custom_padding=&#8221;|||&#8221; global_colors_info=&#8221;{}&#8221; custom_padding__hover=&#8221;|||&#8221;][et_pb_text _builder_version=&#8221;4.16&#8243; text_font=&#8221;||||||||&#8221; header_font=&#8221;Merriweather|700|||||||&#8221; header_font_size=&#8221;46px&#8221; header_letter_spacing=&#8221;2px&#8221; header_line_height=&#8221;1.3em&#8221; text_orientation=&#8221;center&#8221; background_layout=&#8221;dark&#8221; max_width=&#8221;700px&#8221; module_alignment=&#8221;center&#8221; custom_margin=&#8221;||0px|&#8221; animation_style=&#8221;flip&#8221; animation_direction=&#8221;top&#8221; global_colors_info=&#8221;{}&#8221;]<\/p>\n<h1>Costos<\/h1>\n<p>[\/et_pb_text][et_pb_divider color=&#8221;rgba(255,255,255,0.5)&#8221; divider_position=&#8221;center&#8221; divider_weight=&#8221;2px&#8221; _builder_version=&#8221;4.16&#8243; max_width=&#8221;90px&#8221; max_width_tablet=&#8221;12%&#8221; max_width_last_edited=&#8221;off|desktop&#8221; module_alignment=&#8221;center&#8221; custom_margin=&#8221;|||&#8221; animation_style=&#8221;flip&#8221; animation_delay=&#8221;100ms&#8221; global_colors_info=&#8221;{}&#8221;][\/et_pb_divider][et_pb_text _builder_version=&#8221;4.16&#8243; text_font=&#8221;||||||||&#8221; text_font_size=&#8221;20px&#8221; text_line_height=&#8221;1.8em&#8221; header_font=&#8221;||||||||&#8221; text_orientation=&#8221;center&#8221; background_layout=&#8221;dark&#8221; max_width=&#8221;700px&#8221; module_alignment=&#8221;center&#8221; custom_margin=&#8221;25px|||&#8221; animation_style=&#8221;flip&#8221; animation_direction=&#8221;top&#8221; animation_delay=&#8221;150ms&#8221; global_colors_info=&#8221;{}&#8221;]<\/p>\n<p>En esta secci\u00f3n tendr\u00e1s informaci\u00f3n sobre todos nuestros costos para posteriormente hacer la compra de tus entradas para ser participe de nuestro Congreso<\/p>\n<p>[\/et_pb_text][\/et_pb_column][\/et_pb_row][et_pb_row _builder_version=&#8221;4.16&#8243; background_color=&#8221;#ffffff&#8221; custom_margin=&#8221;|||&#8221; custom_padding=&#8221;60px|0px|60px|0px&#8221; hover_enabled=&#8221;0&#8243; global_colors_info=&#8221;{}&#8221; sticky_enabled=&#8221;0&#8243;][et_pb_column type=&#8221;4_4&#8243; _builder_version=&#8221;4.16&#8243; custom_padding=&#8221;|||&#8221; global_colors_info=&#8221;{}&#8221; custom_padding__hover=&#8221;|||&#8221;][et_pb_pricing_tables header_background_color=&#8221;#ffffff&#8221; show_bullet=&#8221;off&#8221; _builder_version=&#8221;4.17.1&#8243; currency_frequency_text_color=&#8221;#21212a&#8221; price_text_color=&#8221;#4646c4&#8243; header_text_color=&#8221;#4646c4&#8243; header_font=&#8221;|700||on|||||&#8221; header_font_size=&#8221;20px&#8221; body_font=&#8221;||||||||&#8221; body_text_align=&#8221;center&#8221; body_font_size=&#8221;18px&#8221; body_line_height=&#8221;10px&#8221; subheader_font=&#8221;||||||||&#8221; price_font=&#8221;Merriweather|700|||||||&#8221; price_font_size=&#8221;40px&#8221; currency_frequency_font=&#8221;Merriweather|700|||||||&#8221; currency_frequency_font_size=&#8221;20px&#8221; background_color=&#8221;#ffffff&#8221; custom_button=&#8221;on&#8221; button_text_size=&#8221;14px&#8221; button_text_color=&#8221;#ffffff&#8221; button_bg_color=&#8221;#4646c4&#8243; button_border_width=&#8221;8px&#8221; button_border_color=&#8221;#4646c4&#8243; button_border_radius=&#8221;0px&#8221; button_letter_spacing=&#8221;1px&#8221; button_font=&#8221;|700||on|||||&#8221; button_icon=&#8221;&#x24;||divi||400&#8243; button_on_hover=&#8221;off&#8221; module_alignment=&#8221;center&#8221; custom_margin=&#8221;|||&#8221; custom_padding=&#8221;|||&#8221; animation_style=&#8221;zoom&#8221; animation_intensity_zoom=&#8221;10%&#8221; hover_enabled=&#8221;0&#8243; custom_css_pricing_top=&#8221;border: none;&#8221; border_color_all=&#8221;#ffffff&#8221; button_letter_spacing_hover=&#8221;1px&#8221; center_list_items=&#8221;on&#8221; global_colors_info=&#8221;{}&#8221; button_text_size__hover_enabled=&#8221;off&#8221; button_one_text_size__hover_enabled=&#8221;off&#8221; button_two_text_size__hover_enabled=&#8221;off&#8221; button_text_color__hover_enabled=&#8221;off&#8221; button_one_text_color__hover_enabled=&#8221;off&#8221; button_two_text_color__hover_enabled=&#8221;off&#8221; button_border_width__hover_enabled=&#8221;off&#8221; button_one_border_width__hover_enabled=&#8221;off&#8221; button_two_border_width__hover_enabled=&#8221;off&#8221; button_border_color__hover_enabled=&#8221;off&#8221; button_one_border_color__hover_enabled=&#8221;off&#8221; button_two_border_color__hover_enabled=&#8221;off&#8221; button_border_radius__hover_enabled=&#8221;off&#8221; button_one_border_radius__hover_enabled=&#8221;off&#8221; button_two_border_radius__hover_enabled=&#8221;off&#8221; button_letter_spacing__hover_enabled=&#8221;on&#8221; button_letter_spacing__hover=&#8221;1px&#8221; button_one_letter_spacing__hover_enabled=&#8221;off&#8221; button_two_letter_spacing__hover_enabled=&#8221;off&#8221; button_bg_color__hover_enabled=&#8221;off&#8221; button_one_bg_color__hover_enabled=&#8221;off&#8221; button_two_bg_color__hover_enabled=&#8221;off&#8221; sticky_enabled=&#8221;0&#8243;][et_pb_pricing_table title=&#8221;ponencia&#8221; sum=&#8221;$250 USD&#8221; button_url=&#8221;\/cigcpm2022\/ponencia&#8221; url_new_window=&#8221;on&#8221; button_text=&#8221;Registrarse&#8221; bullet_color=&#8221;#232675&#8243; _builder_version=&#8221;4.17.3&#8243; header_level=&#8221;h2&#8243; header_font=&#8221;||||||||&#8221; header_text_color=&#8221;#4646c4&#8243; body_font=&#8221;|700|||||||&#8221; body_line_height=&#8221;1em&#8221; body_ul_type=&#8221;none&#8221; subheader_text_color=&#8221;#232675&#8243; excluded_text_align=&#8221;left&#8221; excluded_text_color=&#8221;#E02B20&#8243; body_ul_font=&#8221;|600|||||||&#8221; body_ul_line_height=&#8221;1.3em&#8221; text_orientation=&#8221;center&#8221; hover_enabled=&#8221;0&#8243; pricing_item_excluded_color=&#8221;#7a7a7a&#8221; global_colors_info=&#8221;{}&#8221; button_text_size__hover_enabled=&#8221;off&#8221; button_one_text_size__hover_enabled=&#8221;off&#8221; button_two_text_size__hover_enabled=&#8221;off&#8221; button_text_color__hover_enabled=&#8221;off&#8221; button_one_text_color__hover_enabled=&#8221;off&#8221; button_two_text_color__hover_enabled=&#8221;off&#8221; button_border_width__hover_enabled=&#8221;off&#8221; button_one_border_width__hover_enabled=&#8221;off&#8221; button_two_border_width__hover_enabled=&#8221;off&#8221; button_border_color__hover_enabled=&#8221;off&#8221; button_one_border_color__hover_enabled=&#8221;off&#8221; button_two_border_color__hover_enabled=&#8221;off&#8221; button_border_radius__hover_enabled=&#8221;off&#8221; button_one_border_radius__hover_enabled=&#8221;off&#8221; button_two_border_radius__hover_enabled=&#8221;off&#8221; button_letter_spacing__hover_enabled=&#8221;off&#8221; button_one_letter_spacing__hover_enabled=&#8221;off&#8221; button_two_letter_spacing__hover_enabled=&#8221;off&#8221; button_bg_color__hover_enabled=&#8221;off&#8221; button_one_bg_color__hover_enabled=&#8221;off&#8221; button_two_bg_color__hover_enabled=&#8221;off&#8221; sticky_transition=&#8221;on&#8221; button_icon_default=&#8221;&#x24;||divi||400&#8243; sticky_enabled=&#8221;0&#8243;]<\/p>\n<p>Desde uno a seis participantes<br \/>Acceso a todas las ponencias<br \/>Certificado de asistente y ponente<br \/>Certificado de publicaci\u00f3n de cap\u00edtulo de libro digital<br \/>Certificado de publicaci\u00f3n del libro<br \/>Presente en el listado p\u00fablico de ponentes<br \/>Presente en el listado p\u00fablico de asistentes (Opcional)<br \/><span>Posibilidad de a\u00f1adir varias ponencias adicionales por el 40% del precio<\/span><\/p>\n<p>[\/et_pb_pricing_table][et_pb_pricing_table title=&#8221;Asistente&#8221; subtitle=&#8221;$80.000 COP&#8221; sum=&#8221;$20 USD&#8221; button_url=&#8221;\/cigcpm2022\/asistente&#8221; url_new_window=&#8221;on&#8221; button_text=&#8221;Registrarse&#8221; bullet_color=&#8221;#232675&#8243; _builder_version=&#8221;4.17.1&#8243; header_level=&#8221;h2&#8243; header_font=&#8221;||||||||&#8221; header_text_color=&#8221;#4646c4&#8243; body_font=&#8221;|700|||||||&#8221; body_line_height=&#8221;1em&#8221; body_ul_type=&#8221;none&#8221; subheader_text_color=&#8221;#232675&#8243; excluded_text_align=&#8221;left&#8221; excluded_text_color=&#8221;#E02B20&#8243; body_ul_font=&#8221;|600|||||||&#8221; body_ul_line_height=&#8221;1.3em&#8221; text_orientation=&#8221;center&#8221; pricing_item_excluded_color=&#8221;#7a7a7a&#8221; global_colors_info=&#8221;{}&#8221; button_text_size__hover_enabled=&#8221;off&#8221; button_one_text_size__hover_enabled=&#8221;off&#8221; button_two_text_size__hover_enabled=&#8221;off&#8221; button_text_color__hover_enabled=&#8221;off&#8221; button_one_text_color__hover_enabled=&#8221;off&#8221; button_two_text_color__hover_enabled=&#8221;off&#8221; button_border_width__hover_enabled=&#8221;off&#8221; button_one_border_width__hover_enabled=&#8221;off&#8221; button_two_border_width__hover_enabled=&#8221;off&#8221; button_border_color__hover_enabled=&#8221;off&#8221; button_one_border_color__hover_enabled=&#8221;off&#8221; button_two_border_color__hover_enabled=&#8221;off&#8221; button_border_radius__hover_enabled=&#8221;off&#8221; button_one_border_radius__hover_enabled=&#8221;off&#8221; button_two_border_radius__hover_enabled=&#8221;off&#8221; button_letter_spacing__hover_enabled=&#8221;off&#8221; button_one_letter_spacing__hover_enabled=&#8221;off&#8221; button_two_letter_spacing__hover_enabled=&#8221;off&#8221; button_bg_color__hover_enabled=&#8221;off&#8221; button_one_bg_color__hover_enabled=&#8221;off&#8221; button_two_bg_color__hover_enabled=&#8221;off&#8221; sticky_transition=&#8221;on&#8221; button_icon_default=&#8221;&#x24;||divi||400&#8243;]<\/p>\n<p>Acceso a todas las ponencias<br \/>Certificados de asistencia<br \/>Presente en el listado p\u00fablico de asistentes (Opcional)<\/p>\n<p>[\/et_pb_pricing_table][\/et_pb_pricing_tables][\/et_pb_column][\/et_pb_row][\/et_pb_section][et_pb_section fb_built=&#8221;1&#8243; admin_label=&#8221;schedules section&#8221; _builder_version=&#8221;4.17.1&#8243; background_color=&#8221;#f5f9fb&#8221; custom_padding=&#8221;100px||100px|&#8221; animation_style=&#8221;zoom&#8221; animation_intensity_zoom=&#8221;10%&#8221; global_colors_info=&#8221;{}&#8221; custom_margin=&#8221;-182px|||||&#8221;][et_pb_row _builder_version=&#8221;4.16&#8243; custom_padding=&#8221;10px|0px|10px|0px&#8221; border_color_all=&#8221;#4646c4&#8243; border_width_bottom=&#8221;3px&#8221; global_colors_info=&#8221;{}&#8221;][et_pb_column type=&#8221;4_4&#8243; _builder_version=&#8221;4.16&#8243; custom_padding=&#8221;|||&#8221; global_colors_info=&#8221;{}&#8221; custom_padding__hover=&#8221;|||&#8221;][et_pb_text _builder_version=&#8221;4.17.3&#8243; text_font=&#8221;||||||||&#8221; header_font=&#8221;||||||||&#8221; header_2_font=&#8221;Merriweather|700|||||||&#8221; header_2_line_height=&#8221;1.4em&#8221; global_colors_info=&#8221;{}&#8221;]<\/p>\n<h2>COSTO DE LOS PONENTES EN EL VII CONGRESO INTERNACIONAL DE GESTI\u00d3N DEL CONOCIMIENTO: PERSPECTIVA MULTIDISCIPLINARIA<\/h2>\n<p>[\/et_pb_text][\/et_pb_column][\/et_pb_row][et_pb_row column_structure=&#8221;1_2,1_2&#8243; _builder_version=&#8221;4.16&#8243; _module_preset=&#8221;default&#8221; global_colors_info=&#8221;{}&#8221;][et_pb_column type=&#8221;1_2&#8243; _builder_version=&#8221;4.16&#8243; _module_preset=&#8221;default&#8221; global_colors_info=&#8221;{}&#8221;][et_pb_text _builder_version=&#8221;4.17.3&#8243; _module_preset=&#8221;default&#8221; text_font=&#8221;||||||||&#8221; text_font_size=&#8221;18px&#8221; text_line_height=&#8221;1.8em&#8221; header_font=&#8221;||||||||&#8221; header_3_font=&#8221;Merriweather|700|||||||&#8221; header_3_text_color=&#8221;#4646c4&#8243; header_3_font_size=&#8221;20px&#8221; header_3_line_height=&#8221;1.4em&#8221; custom_margin=&#8221;|||&#8221; animation_style=&#8221;fade&#8221; hover_enabled=&#8221;0&#8243; custom_css_before=&#8221;||||&#8221; global_colors_info=&#8221;{}&#8221; sticky_enabled=&#8221;0&#8243;]<\/p>\n<h3>COSTO DE LOS PONENTES<\/h3>\n<p>La ponencia puede tener hasta seis participantes cancelan $250 USD (1.000.000 COP)<\/p>\n<p>NOTA: El n\u00famero m\u00e1ximo de autores por ponencia es seis(6).<br \/>NOTA :los asistentes cancelan $20 d\u00f3lares (80.000 COP)<\/p>\n<p>[\/et_pb_text][\/et_pb_column][et_pb_column type=&#8221;1_2&#8243; _builder_version=&#8221;4.16&#8243; _module_preset=&#8221;default&#8221; global_colors_info=&#8221;{}&#8221;][et_pb_text _builder_version=&#8221;4.16&#8243; _module_preset=&#8221;default&#8221; text_font=&#8221;||||||||&#8221; text_font_size=&#8221;18px&#8221; text_line_height=&#8221;1.8em&#8221; header_font=&#8221;||||||||&#8221; header_3_font=&#8221;Merriweather|700|||||||&#8221; header_3_text_color=&#8221;#4646c4&#8243; header_3_font_size=&#8221;20px&#8221; header_3_line_height=&#8221;1.4em&#8221; custom_margin=&#8221;|||&#8221; animation_style=&#8221;fade&#8221; custom_css_before=&#8221;||||&#8221; global_colors_info=&#8221;{}&#8221;]<\/p>\n<h3>CADA PARTICIPANTE RECIBIR\u00c1 LOS PRODUCTOS (CERTIFICADOS) SIGUIENTES QUE GENERAN LA PARTICIPACI\u00d3N EN EL CONGRESO:<\/h3>\n<ol>\n<li>Certificado de ponente<\/li>\n<li>Certificado de asistente<\/li>\n<li>Entrega de libro en digital resultado de investigaci\u00f3n con ISBN<\/li>\n<li>Certificado de publicaci\u00f3n de autor del libro resultado de investigaci\u00f3n en versi\u00f3n digital con ISBN<\/li>\n<li>Certificado de publicaci\u00f3n de autor del cap\u00edtulo del libro en versi\u00f3n digital con ISBN<\/li>\n<\/ol>\n<p>[\/et_pb_text][\/et_pb_column][\/et_pb_row][\/et_pb_section][et_pb_section fb_built=&#8221;1&#8243; admin_label=&#8221;FAQ&#8221; _builder_version=&#8221;4.16&#8243; background_color=&#8221;#f5f9fb&#8221; custom_padding=&#8221;100px|0px|100px|0px&#8221; global_colors_info=&#8221;{}&#8221;][et_pb_row custom_padding_last_edited=&#8221;on|tablet&#8221; _builder_version=&#8221;4.16&#8243; custom_padding_tablet=&#8221;||0px|&#8221; custom_padding_phone=&#8221;||0px|&#8221; global_colors_info=&#8221;{}&#8221;][et_pb_column type=&#8221;4_4&#8243; _builder_version=&#8221;4.16&#8243; custom_padding=&#8221;|||&#8221; global_colors_info=&#8221;{}&#8221; custom_padding__hover=&#8221;|||&#8221;][et_pb_text _builder_version=&#8221;4.16&#8243; text_font=&#8221;Merriweather|700|||||||&#8221; text_text_color=&#8221;#4646c4&#8243; text_font_size=&#8221;40px&#8221; header_font=&#8221;||||||||&#8221; header_2_font=&#8221;Merriweather|700|||||||&#8221; header_2_font_size=&#8221;40px&#8221; header_2_line_height=&#8221;1.3em&#8221; text_orientation=&#8221;center&#8221; max_width=&#8221;700px&#8221; module_alignment=&#8221;center&#8221; custom_margin=&#8221;||15px|&#8221; global_colors_info=&#8221;{}&#8221;]<\/p>\n<h2>Preguntas <span style=\"color: #4646c4;\">frecuentes<\/span><\/h2>\n<p>[\/et_pb_text][et_pb_text _builder_version=&#8221;4.16&#8243; text_font=&#8221;||||||||&#8221; text_font_size=&#8221;20px&#8221; text_line_height=&#8221;1.8em&#8221; text_orientation=&#8221;center&#8221; max_width=&#8221;700px&#8221; module_alignment=&#8221;center&#8221; global_colors_info=&#8221;{}&#8221;]Lorem ipsum dolor sit amet, consectetur adipiscing elit, sed do eiusmod tempor incididunt ut labore et dolore magna aliqua.<br \/>\n[\/et_pb_text][\/et_pb_column][\/et_pb_row][et_pb_row column_structure=&#8221;1_2,1_2&#8243; use_custom_gutter=&#8221;on&#8221; gutter_width=&#8221;4&#8243; custom_padding_last_edited=&#8221;off|desktop&#8221; _builder_version=&#8221;4.16&#8243; custom_margin=&#8221;|||&#8221; custom_padding=&#8221;|||&#8221; custom_padding_tablet=&#8221;||0px|&#8221; custom_padding_phone=&#8221;|||&#8221; locked=&#8221;off&#8221; global_colors_info=&#8221;{}&#8221;][et_pb_column type=&#8221;1_2&#8243; _builder_version=&#8221;4.16&#8243; custom_padding=&#8221;|||&#8221; global_colors_info=&#8221;{}&#8221; custom_padding__hover=&#8221;|||&#8221;][et_pb_text _builder_version=&#8221;4.16&#8243; text_font=&#8221;||||||||&#8221; text_font_size=&#8221;18px&#8221; text_line_height=&#8221;1.8em&#8221; header_font=&#8221;||||||||&#8221; header_3_font=&#8221;Merriweather|700|||||||&#8221; header_3_text_color=&#8221;#4646c4&#8243; header_3_font_size=&#8221;20px&#8221; header_3_line_height=&#8221;1.4em&#8221; custom_margin=&#8221;|||&#8221; animation_style=&#8221;fade&#8221; global_colors_info=&#8221;{}&#8221;]<\/p>\n<h3>What is your refund policy?<\/h3>\n<p>Lorem ipsum dolor sit amet, consectetur adipiscing elit. Quisque placerat sapien condimentum imperdiet cursus. Nam finibus tempor lectus ut laoreet. Duis pulvinar, dolor a ornare euismod, metus ipsum suscipit tellus<br \/>\n[\/et_pb_text][et_pb_text _builder_version=&#8221;4.16&#8243; text_font=&#8221;||||||||&#8221; text_font_size=&#8221;18px&#8221; text_line_height=&#8221;1.8em&#8221; header_font=&#8221;||||||||&#8221; header_3_font=&#8221;Merriweather|700|||||||&#8221; header_3_text_color=&#8221;#4646c4&#8243; header_3_font_size=&#8221;20px&#8221; header_3_line_height=&#8221;1.4em&#8221; custom_margin=&#8221;|||&#8221; animation_style=&#8221;fade&#8221; global_colors_info=&#8221;{}&#8221;]<\/p>\n<h3>Can I choose the days I use a multiday pass for?<\/h3>\n<p>Lorem ipsum dolor sit amet, consectetur adipiscing elit. Quisque placerat sapien condimentum imperdiet cursus. Nam finibus tempor lectus ut laoreet. Duis pulvinar, dolor<br \/>\n[\/et_pb_text][et_pb_text _builder_version=&#8221;4.16&#8243; text_font=&#8221;||||||||&#8221; text_font_size=&#8221;18px&#8221; text_line_height=&#8221;1.8em&#8221; header_font=&#8221;||||||||&#8221; header_3_font=&#8221;Merriweather|700|||||||&#8221; header_3_text_color=&#8221;#4646c4&#8243; header_3_font_size=&#8221;20px&#8221; header_3_line_height=&#8221;1.4em&#8221; custom_margin=&#8221;|||&#8221; animation_style=&#8221;fade&#8221; locked=&#8221;off&#8221; global_colors_info=&#8221;{}&#8221;]<\/p>\n<h3>Do You offer student discounts?<\/h3>\n<p>Lorem ipsum dolor sit amet, consectetur adipiscing elit. Quisque placerat sapien condimentum imperdiet cursus.<br \/>\n[\/et_pb_text][\/et_pb_column][et_pb_column type=&#8221;1_2&#8243; _builder_version=&#8221;4.16&#8243; custom_padding=&#8221;|||&#8221; global_colors_info=&#8221;{}&#8221; custom_padding__hover=&#8221;|||&#8221;][et_pb_text _builder_version=&#8221;4.16&#8243; text_font=&#8221;||||||||&#8221; text_font_size=&#8221;18px&#8221; text_line_height=&#8221;1.8em&#8221; header_font=&#8221;||||||||&#8221; header_3_font=&#8221;Merriweather|700|||||||&#8221; header_3_text_color=&#8221;#4646c4&#8243; header_3_font_size=&#8221;20px&#8221; header_3_line_height=&#8221;1.4em&#8221; custom_margin=&#8221;|||&#8221; animation_style=&#8221;fade&#8221; global_colors_info=&#8221;{}&#8221;]<\/p>\n<h3>Do I need to bring a printed ticket?<\/h3>\n<p>Lorem ipsum dolor sit amet, consectetur adipiscing elit. Quisque placerat sapien condimentum imperdiet cursus.<br \/>\n[\/et_pb_text][et_pb_text _builder_version=&#8221;4.16&#8243; text_font=&#8221;||||||||&#8221; text_font_size=&#8221;18px&#8221; text_line_height=&#8221;1.8em&#8221; header_font=&#8221;||||||||&#8221; header_3_font=&#8221;Merriweather|700|||||||&#8221; header_3_text_color=&#8221;#4646c4&#8243; header_3_font_size=&#8221;20px&#8221; header_3_line_height=&#8221;1.4em&#8221; custom_margin=&#8221;|||&#8221; animation_style=&#8221;fade&#8221; global_colors_info=&#8221;{}&#8221;]<\/p>\n<h3>Do you offer bulk ticket purchase discounts?<\/h3>\n<p>Lorem ipsum dolor sit amet, consectetur adipiscing elit. Quisque placerat sapien condimentum imperdiet cursus. Nam finibus tempor lectus ut laoreet. Duis pulvinar, dolor a ornare euismod, metus ipsum suscipit tellus<br \/>\n[\/et_pb_text][et_pb_text _builder_version=&#8221;4.16&#8243; text_font=&#8221;||||||||&#8221; text_font_size=&#8221;18px&#8221; text_line_height=&#8221;1.8em&#8221; header_font=&#8221;||||||||&#8221; header_3_font=&#8221;Merriweather|700|||||||&#8221; header_3_text_color=&#8221;#4646c4&#8243; header_3_font_size=&#8221;20px&#8221; header_3_line_height=&#8221;1.4em&#8221; custom_margin=&#8221;|||&#8221; animation_style=&#8221;fade&#8221; global_colors_info=&#8221;{}&#8221;]<\/p>\n<h3>How can I upgrade my registration?<\/h3>\n<p>Lorem ipsum dolor sit amet, consectetur adipiscing elit. Quisque placerat sapien condimentum imperdiet cursus. Nam finibus tempor lectus ut laoreet.<br \/>\n[\/et_pb_text][\/et_pb_column][\/et_pb_row][\/et_pb_section]<\/p>\n","protected":false},"excerpt":{"rendered":"<p>CostosEn esta secci\u00f3n tendr\u00e1s informaci\u00f3n sobre todos nuestros costos para posteriormente hacer la compra de tus entradas para ser participe de nuestro CongresoDesde uno a seis participantesAcceso a todas las ponenciasCertificado de asistente y ponenteCertificado de publicaci\u00f3n de cap\u00edtulo de libro digitalCertificado de publicaci\u00f3n del libroPresente en el listado p\u00fablico de ponentesPresente en el listado [&hellip;]<\/p>\n","protected":false},"author":1,"featured_media":0,"parent":0,"menu_order":0,"comment_status":"closed","ping_status":"closed","template":"","meta":{"_acf_changed":false,"_et_pb_use_builder":"on","_et_pb_old_content":"","_et_gb_content_width":"","footnotes":""},"class_list":["post-345","page","type-page","status-publish","hentry"],"acf":[],"_links":{"self":[{"href":"https:\/\/gestconocimiento.org\/cigcpm2022\/wp-json\/wp\/v2\/pages\/345","targetHints":{"allow":["GET"]}}],"collection":[{"href":"https:\/\/gestconocimiento.org\/cigcpm2022\/wp-json\/wp\/v2\/pages"}],"about":[{"href":"https:\/\/gestconocimiento.org\/cigcpm2022\/wp-json\/wp\/v2\/types\/page"}],"author":[{"embeddable":true,"href":"https:\/\/gestconocimiento.org\/cigcpm2022\/wp-json\/wp\/v2\/users\/1"}],"replies":[{"embeddable":true,"href":"https:\/\/gestconocimiento.org\/cigcpm2022\/wp-json\/wp\/v2\/comments?post=345"}],"version-history":[{"count":0,"href":"https:\/\/gestconocimiento.org\/cigcpm2022\/wp-json\/wp\/v2\/pages\/345\/revisions"}],"wp:attachment":[{"href":"https:\/\/gestconocimiento.org\/cigcpm2022\/wp-json\/wp\/v2\/media?parent=345"}],"curies":[{"name":"wp","href":"https:\/\/api.w.org\/{rel}","templated":true}]}}