{"id":312,"date":"2021-03-24T01:22:07","date_gmt":"2021-03-24T06:22:07","guid":{"rendered":"https:\/\/gestconocimiento.org\/cigcpm2022\/?page_id=312"},"modified":"2022-04-17T19:47:31","modified_gmt":"2022-04-18T00:47:31","slug":"fechas-claves","status":"publish","type":"page","link":"https:\/\/gestconocimiento.org\/cigcpm2022\/fechas-claves\/","title":{"rendered":"Fechas claves"},"content":{"rendered":"<p>[et_pb_section fb_built=&#8221;1&#8243; custom_padding_last_edited=&#8221;off|desktop&#8221; admin_label=&#8221;hero section&#8221; _builder_version=&#8221;4.16&#8243; use_background_color_gradient=&#8221;on&#8221; background_color_gradient_stops=&#8221;#ffffff 0%|#e7edf9 100%&#8221; background_color_gradient_start=&#8221;#ffffff&#8221; background_color_gradient_end=&#8221;#e7edf9&#8243; custom_margin=&#8221;|||&#8221; custom_padding=&#8221;100px||100px|&#8221; custom_padding_tablet=&#8221;130px||130px|&#8221; global_colors_info=&#8221;{}&#8221;][et_pb_row column_structure=&#8221;1_2,1_2&#8243; admin_label=&#8221;title and illustration&#8221; _builder_version=&#8221;4.16&#8243; background_size=&#8221;initial&#8221; background_position=&#8221;top_left&#8221; background_repeat=&#8221;repeat&#8221; custom_margin=&#8221;|||&#8221; global_colors_info=&#8221;{}&#8221;][et_pb_column type=&#8221;1_2&#8243; _builder_version=&#8221;4.16&#8243; custom_padding=&#8221;|||&#8221; global_colors_info=&#8221;{}&#8221; custom_padding__hover=&#8221;|||&#8221;][et_pb_text _builder_version=&#8221;4.16&#8243; text_font=&#8221;||||||||&#8221; header_font=&#8221;Merriweather|700|||||||&#8221; header_text_color=&#8221;#&#8221; header_font_size=&#8221;46px&#8221; header_line_height=&#8221;1.3em&#8221; custom_margin=&#8221;||0px|&#8221; animation_style=&#8221;flip&#8221; animation_direction=&#8221;top&#8221; global_colors_info=&#8221;{}&#8221;]<\/p>\n<h1>Fechas claves<\/h1>\n<p>[\/et_pb_text][et_pb_divider color=&#8221;#4646c4&#8243; divider_position=&#8221;center&#8221; divider_weight=&#8221;2px&#8221; _builder_version=&#8221;4.16&#8243; max_width=&#8221;90px&#8221; max_width_tablet=&#8221;12%&#8221; max_width_last_edited=&#8221;off|desktop&#8221; custom_margin=&#8221;|||&#8221; animation_style=&#8221;flip&#8221; animation_delay=&#8221;50ms&#8221; global_colors_info=&#8221;{}&#8221;][\/et_pb_divider][et_pb_text _builder_version=&#8221;4.16&#8243; text_font=&#8221;||||||||&#8221; text_font_size=&#8221;20px&#8221; text_line_height=&#8221;1.8em&#8221; custom_margin=&#8221;25px|||&#8221; animation_style=&#8221;flip&#8221; animation_direction=&#8221;top&#8221; animation_delay=&#8221;100ms&#8221; global_colors_info=&#8221;{}&#8221;]A continuaci\u00f3n se detallan las fechas importantes para el proceso de env\u00edo y recepci\u00f3n, evaluaci\u00f3n y aceptaci\u00f3n de ponencias[\/et_pb_text][\/et_pb_column][et_pb_column type=&#8221;1_2&#8243; _builder_version=&#8221;4.16&#8243; custom_padding=&#8221;|||&#8221; global_colors_info=&#8221;{}&#8221; custom_padding__hover=&#8221;|||&#8221;][et_pb_image src=&#8221;https:\/\/gestconocimiento.org\/cigcpm2022\/wp-content\/uploads\/sites\/9\/2021\/03\/conference_illustration_05.png&#8221; force_fullwidth=&#8221;on&#8221; align_tablet=&#8221;center&#8221; align_phone=&#8221;&#8221; align_last_edited=&#8221;on|desktop&#8221; _builder_version=&#8221;4.16&#8243; animation_style=&#8221;slide&#8221; animation_direction=&#8221;right&#8221; animation_intensity_slide=&#8221;10%&#8221; always_center_on_mobile=&#8221;on&#8221; global_colors_info=&#8221;{}&#8221;][\/et_pb_image][\/et_pb_column][\/et_pb_row][\/et_pb_section][et_pb_section fb_built=&#8221;1&#8243; admin_label=&#8221;schedules section&#8221; _builder_version=&#8221;4.16&#8243; custom_padding=&#8221;100px||100px|&#8221; animation_style=&#8221;zoom&#8221; animation_intensity_zoom=&#8221;10%&#8221; global_colors_info=&#8221;{}&#8221;][et_pb_row _builder_version=&#8221;4.16&#8243; custom_padding=&#8221;10px|0px|10px|0px&#8221; border_color_all=&#8221;#4646c4&#8243; border_width_bottom=&#8221;3px&#8221; global_colors_info=&#8221;{}&#8221;][et_pb_column type=&#8221;4_4&#8243; _builder_version=&#8221;4.16&#8243; custom_padding=&#8221;|||&#8221; global_colors_info=&#8221;{}&#8221; custom_padding__hover=&#8221;|||&#8221;][et_pb_text _builder_version=&#8221;4.16&#8243; text_font=&#8221;||||||||&#8221; header_font=&#8221;||||||||&#8221; header_2_font=&#8221;Merriweather|700|||||||&#8221; header_2_line_height=&#8221;1.4em&#8221; global_colors_info=&#8221;{}&#8221;]<\/p>\n<h2>Fechas claves<\/h2>\n<p>[\/et_pb_text][\/et_pb_column][\/et_pb_row][et_pb_row _builder_version=&#8221;4.16&#8243; _module_preset=&#8221;default&#8221; global_colors_info=&#8221;{}&#8221;][et_pb_column type=&#8221;4_4&#8243; _builder_version=&#8221;4.16&#8243; _module_preset=&#8221;default&#8221; global_colors_info=&#8221;{}&#8221;][et_pb_text _builder_version=&#8221;4.17.1&#8243; _module_preset=&#8221;default&#8221; custom_css_before=&#8221;||||&#8221; global_colors_info=&#8221;{}&#8221;]<\/p>\n<table id=\"comite\">\n<tbody>\n<tr>\n<th><\/th>\n<th style=\"text-align: center;\">DESDE<\/th>\n<th style=\"text-align: center;\">HASTA<\/th>\n<\/tr>\n<tr>\n<td><strong>Env\u00edo resumen de ponencias<\/strong><\/td>\n<td>21 de marzo de 2022<\/td>\n<td>31 de mayo de 2022<\/td>\n<\/tr>\n<tr>\n<td><strong>Env\u00edo de ponencias<\/strong><\/td>\n<td>21 de marzo de 2022<\/td>\n<td>31 de mayo de 2022<\/td>\n<\/tr>\n<\/tbody>\n<\/table>\n<p>&nbsp;<\/p>\n<p>[\/et_pb_text][et_pb_text _builder_version=&#8221;4.16&#8243; _module_preset=&#8221;default&#8221; custom_css_before=&#8221;||||&#8221; global_colors_info=&#8221;{}&#8221;]<\/p>\n<table id=\"comite\">\n<tbody>\n<tr>\n<th><\/th>\n<th style=\"text-align: center;\">DESDE<\/th>\n<th style=\"text-align: center;\">HASTA<\/th>\n<\/tr>\n<tr>\n<td><strong>Env\u00edo de dict\u00e1menes a autores<\/strong><\/td>\n<td style=\"text-align: center;\">21 de marzo de 2022<\/td>\n<td style=\"text-align: center;\">31 de mayo de 2022<\/td>\n<\/tr>\n<tr>\n<td><strong>Recepci\u00f3n de ponencias aceptadas con modificaciones<\/strong><\/td>\n<td colspan=\"2\" style=\"text-align: center;\">Una semana despu\u00e9s de enviado el dictamen al autor<\/td>\n<\/tr>\n<tr>\n<td><strong>Carta de aceptaci\u00f3n final<\/strong><\/td>\n<td style=\"text-align: center;\">21 de marzo de 2022<\/td>\n<td style=\"text-align: center;\">31 de mayo de 2022<\/td>\n<\/tr>\n<tr>\n<td><strong>Cesi\u00f3n de derechos para publicaci\u00f3n del extenso en libro como cap\u00edtulo de libro<\/strong><\/td>\n<td style=\"text-align: center;\">21 de marzo de 2022<\/td>\n<td style=\"text-align: center;\">Solo se publicar\u00e1n en el libro digital, las ponencias en extenso que hayan cumplido todos los requisitos en la fecha se\u00f1alada<\/td>\n<\/tr>\n<tr>\n<th style=\"text-align: center;\"><strong>L\u00cdMITE DE INSCRIPCI\u00d3N DE PONENTES<\/strong><\/th>\n<th style=\"text-align: center;\" colspan=\"2\">31 de mayo de 2022<\/th>\n<\/tr>\n<\/tbody>\n<\/table>\n<p>[\/et_pb_text][\/et_pb_column][\/et_pb_row][\/et_pb_section]<\/p>\n","protected":false},"excerpt":{"rendered":"<p>Fechas clavesA continuaci\u00f3n se detallan las fechas importantes para el proceso de env\u00edo y recepci\u00f3n, evaluaci\u00f3n y aceptaci\u00f3n de ponenciasFechas claves DESDE HASTA Env\u00edo resumen de ponencias 21 de marzo de 2022 31 de mayo de 2022 Env\u00edo de ponencias 21 de marzo de 2022 31 de mayo de 2022 &nbsp; DESDE HASTA Env\u00edo de [&hellip;]<\/p>\n","protected":false},"author":1,"featured_media":0,"parent":0,"menu_order":0,"comment_status":"closed","ping_status":"closed","template":"","meta":{"_acf_changed":false,"_et_pb_use_builder":"on","_et_pb_old_content":"","_et_gb_content_width":"","footnotes":""},"class_list":["post-312","page","type-page","status-publish","hentry"],"acf":[],"_links":{"self":[{"href":"https:\/\/gestconocimiento.org\/cigcpm2022\/wp-json\/wp\/v2\/pages\/312","targetHints":{"allow":["GET"]}}],"collection":[{"href":"https:\/\/gestconocimiento.org\/cigcpm2022\/wp-json\/wp\/v2\/pages"}],"about":[{"href":"https:\/\/gestconocimiento.org\/cigcpm2022\/wp-json\/wp\/v2\/types\/page"}],"author":[{"embeddable":true,"href":"https:\/\/gestconocimiento.org\/cigcpm2022\/wp-json\/wp\/v2\/users\/1"}],"replies":[{"embeddable":true,"href":"https:\/\/gestconocimiento.org\/cigcpm2022\/wp-json\/wp\/v2\/comments?post=312"}],"version-history":[{"count":0,"href":"https:\/\/gestconocimiento.org\/cigcpm2022\/wp-json\/wp\/v2\/pages\/312\/revisions"}],"wp:attachment":[{"href":"https:\/\/gestconocimiento.org\/cigcpm2022\/wp-json\/wp\/v2\/media?parent=312"}],"curies":[{"name":"wp","href":"https:\/\/api.w.org\/{rel}","templated":true}]}}