{"id":307,"date":"2021-03-24T00:24:55","date_gmt":"2021-03-24T05:24:55","guid":{"rendered":"https:\/\/gestconocimiento.org\/cigcpm2022\/?page_id=307"},"modified":"2022-05-04T21:27:04","modified_gmt":"2022-05-05T02:27:04","slug":"proceso-de-evaluacion","status":"publish","type":"page","link":"https:\/\/gestconocimiento.org\/cigcpm2022\/proceso-de-evaluacion\/","title":{"rendered":"Proceso  de  evaluaci\u00f3n"},"content":{"rendered":"<p>[et_pb_section fb_built=&#8221;1&#8243; custom_padding_last_edited=&#8221;off|desktop&#8221; admin_label=&#8221;Hero&#8221; _builder_version=&#8221;4.16&#8243; use_background_color_gradient=&#8221;on&#8221; background_color_gradient_stops=&#8221;#ffffff 0%|#e7edf9 100%&#8221; background_color_gradient_start=&#8221;#ffffff&#8221; background_color_gradient_end=&#8221;#e7edf9&#8243; custom_margin=&#8221;|||&#8221; custom_padding=&#8221;100px||100px|&#8221; custom_padding_tablet=&#8221;130px||130px|&#8221; global_colors_info=&#8221;{}&#8221;][et_pb_row column_structure=&#8221;1_2,1_2&#8243; admin_label=&#8221;title and illustration&#8221; _builder_version=&#8221;4.16&#8243; background_size=&#8221;initial&#8221; background_position=&#8221;top_left&#8221; background_repeat=&#8221;repeat&#8221; custom_margin=&#8221;|||&#8221; global_colors_info=&#8221;{}&#8221;][et_pb_column type=&#8221;1_2&#8243; _builder_version=&#8221;4.16&#8243; custom_padding=&#8221;|||&#8221; global_colors_info=&#8221;{}&#8221; custom_padding__hover=&#8221;|||&#8221;][et_pb_text _builder_version=&#8221;4.16&#8243; header_font=&#8221;Merriweather|700|||||||&#8221; header_font_size=&#8221;46px&#8221; header_line_height=&#8221;1.3em&#8221; custom_margin=&#8221;||0px|&#8221; animation_style=&#8221;flip&#8221; animation_direction=&#8221;top&#8221; global_colors_info=&#8221;{}&#8221;]<\/p>\n<h1>Proceso de evaluaci\u00f3n<\/h1>\n<p>[\/et_pb_text][et_pb_divider color=&#8221;#4646c4&#8243; divider_position=&#8221;center&#8221; divider_weight=&#8221;2px&#8221; _builder_version=&#8221;4.16&#8243; max_width=&#8221;90px&#8221; max_width_tablet=&#8221;12%&#8221; max_width_last_edited=&#8221;off|desktop&#8221; custom_margin=&#8221;|||&#8221; animation_style=&#8221;flip&#8221; animation_delay=&#8221;50ms&#8221; global_colors_info=&#8221;{}&#8221;][\/et_pb_divider][et_pb_text _builder_version=&#8221;4.16&#8243; text_font=&#8221;||||||||&#8221; text_font_size=&#8221;20px&#8221; text_line_height=&#8221;1.8em&#8221; custom_margin=&#8221;25px|||&#8221; animation_style=&#8221;flip&#8221; animation_direction=&#8221;top&#8221; animation_delay=&#8221;100ms&#8221; global_colors_info=&#8221;{}&#8221;]<\/p>\n<p>Proceso de evaluaci\u00f3n de las ponencias del Congreso Internacional de Administraci\u00f3n, Ingenier\u00eda y Educaci\u00f3n bajo el sistema doble ciego<\/p>\n<p>[\/et_pb_text][\/et_pb_column][et_pb_column type=&#8221;1_2&#8243; _builder_version=&#8221;4.16&#8243; custom_padding=&#8221;|||&#8221; global_colors_info=&#8221;{}&#8221; custom_padding__hover=&#8221;|||&#8221;][et_pb_image src=&#8221;https:\/\/gestconocimiento.org\/cigcpm2022\/wp-content\/uploads\/sites\/9\/2021\/03\/conference_illustration_07.png&#8221; force_fullwidth=&#8221;on&#8221; align_tablet=&#8221;center&#8221; align_phone=&#8221;&#8221; align_last_edited=&#8221;on|desktop&#8221; admin_label=&#8221;illustration&#8221; _builder_version=&#8221;4.16&#8243; animation_style=&#8221;slide&#8221; animation_direction=&#8221;right&#8221; animation_intensity_slide=&#8221;10%&#8221; global_colors_info=&#8221;{}&#8221;][\/et_pb_image][\/et_pb_column][\/et_pb_row][\/et_pb_section][et_pb_section fb_built=&#8221;1&#8243; admin_label=&#8221;Speakers&#8221; _builder_version=&#8221;4.16&#8243; custom_padding=&#8221;90px||90px|&#8221; animation_style=&#8221;zoom&#8221; animation_intensity_zoom=&#8221;10%&#8221; global_colors_info=&#8221;{}&#8221;][et_pb_row _builder_version=&#8221;4.16&#8243; custom_margin=&#8221;|||&#8221; custom_padding=&#8221;40px|0px|40px|0px&#8221; global_colors_info=&#8221;{}&#8221;][et_pb_column type=&#8221;4_4&#8243; _builder_version=&#8221;4.16&#8243; custom_padding=&#8221;|||&#8221; global_colors_info=&#8221;{}&#8221; custom_padding__hover=&#8221;|||&#8221;][et_pb_text _builder_version=&#8221;4.16&#8243; text_font=&#8221;||||||||&#8221; text_text_color=&#8221;#7e7f93&#8243; text_font_size=&#8221;18px&#8221; header_font=&#8221;||||||||&#8221; header_3_font=&#8221;Merriweather|700|||||||&#8221; header_3_text_color=&#8221;#4646c4&#8243; header_3_font_size=&#8221;36px&#8221; header_3_line_height=&#8221;1.4em&#8221; locked=&#8221;off&#8221; global_colors_info=&#8221;{}&#8221;]<\/p>\n<h3><span style=\"color: #4646c4;\">Proceso de evaluaci\u00f3n de las ponencias del<\/span> Congreso Internacional de Administraci\u00f3n, Ingenier\u00eda y Educaci\u00f3n bajo el sistema doble ciego<\/h3>\n<p>Las ponencias presentadas en el Congreso Internacional de Administraci\u00f3n, Ingenier\u00eda, y Educaci\u00f3n, son resultado de investigaciones desarrolladas por sus autores. Las ponencias ser\u00e1n arbitradas por doctores de distintas Universidades del mundo bajo el sistema doble ciego. El V Congreso Internacional de Administraci\u00f3n, Ingenier\u00eda, y Educaci\u00f3n tiene el Aval Acad\u00e9mico de 6 Universidades P\u00fablicas Internacionales y de 3 Centros de Investigaciones Internacionales, mencionados a continuaci\u00f3n:<\/p>\n<p><strong>Universidad Sur del Lago \u201cJes\u00fas Mar\u00eda Sempr\u00fam\u201d (UNESUR)<\/strong> &#8211; Zulia \u2013Venezuela;<\/p>\n<p><strong>Universidad Polit\u00e9cnica Territorial de M\u00e9rida Kleber Ram\u00edrez (UPTM)<\/strong> -M\u00e9rida -Venezuela;<\/p>\n<p><strong>Universidad Guanajuato (UG) &#8211; Campus Celaya -Salvatierra &#8211; Cuerpo Acad\u00e9mico de Biodesarrollo y Bioeconom\u00eda en las Organizaciones y Pol\u00edticas P\u00fablicas (CABBOPP)<\/strong> &#8211; Guanajuato \u2013 M\u00e9xico;<\/p>\n<p><strong>Cuerpo Acad\u00e9mico Consolidado \u201cAdministraci\u00f3n Aplicada\u201d (CUADAP) -Benem\u00e9rita Universidad Aut\u00f3noma de Puebla<\/strong> \u2013 Puebla \u2013 M\u00e9xico; Red de Administraci\u00f3n y Negocios (RedAyN) -Universidades Mexicanas \u2013M\u00e9xico;<\/p>\n<p><strong>Universidad Aut\u00f3noma de Nayarit (UAN)<\/strong> &#8211; Cuerpo Acad\u00e9mico Sociedad, Educaci\u00f3n y Desarrollo (CASED) \u2013Tepic \u2013Nayarit \u2013M\u00e9xico;<\/p>\n<p><strong>Centro de Altos Estudios de Venezuela (CEALEVE)<\/strong> &#8211; Zulia &#8211; Venezuela;<\/p>\n<p><strong>Centro Integral de Formaci\u00f3n Educativa Especializada del Sur (CIFE -SUR)<\/strong> &#8211; Zulia \u2013 Venezuela<\/p>\n<p>y el <strong>Centro de Investigaciones Internacionales SAS (CEDINTER)<\/strong> &#8211; Antioquia &#8211; Colombia.<\/p>\n<p>Los conceptos o criterios emitidos en cada ponencia son responsabilidad exclusiva de sus autores.<\/p>\n<p>[\/et_pb_text][\/et_pb_column][\/et_pb_row][\/et_pb_section]<\/p>\n","protected":false},"excerpt":{"rendered":"<p>Proceso de evaluaci\u00f3nProceso de evaluaci\u00f3n de las ponencias del Congreso Internacional de Administraci\u00f3n, Ingenier\u00eda y Educaci\u00f3n bajo el sistema doble ciegoProceso de evaluaci\u00f3n de las ponencias del Congreso Internacional de Administraci\u00f3n, Ingenier\u00eda y Educaci\u00f3n bajo el sistema doble ciego Las ponencias presentadas en el Congreso Internacional de Administraci\u00f3n, Ingenier\u00eda, y Educaci\u00f3n, son resultado de investigaciones [&hellip;]<\/p>\n","protected":false},"author":1,"featured_media":0,"parent":0,"menu_order":0,"comment_status":"closed","ping_status":"closed","template":"","meta":{"_acf_changed":false,"_et_pb_use_builder":"on","_et_pb_old_content":"","_et_gb_content_width":"","footnotes":""},"class_list":["post-307","page","type-page","status-publish","hentry"],"acf":[],"_links":{"self":[{"href":"https:\/\/gestconocimiento.org\/cigcpm2022\/wp-json\/wp\/v2\/pages\/307","targetHints":{"allow":["GET"]}}],"collection":[{"href":"https:\/\/gestconocimiento.org\/cigcpm2022\/wp-json\/wp\/v2\/pages"}],"about":[{"href":"https:\/\/gestconocimiento.org\/cigcpm2022\/wp-json\/wp\/v2\/types\/page"}],"author":[{"embeddable":true,"href":"https:\/\/gestconocimiento.org\/cigcpm2022\/wp-json\/wp\/v2\/users\/1"}],"replies":[{"embeddable":true,"href":"https:\/\/gestconocimiento.org\/cigcpm2022\/wp-json\/wp\/v2\/comments?post=307"}],"version-history":[{"count":0,"href":"https:\/\/gestconocimiento.org\/cigcpm2022\/wp-json\/wp\/v2\/pages\/307\/revisions"}],"wp:attachment":[{"href":"https:\/\/gestconocimiento.org\/cigcpm2022\/wp-json\/wp\/v2\/media?parent=307"}],"curies":[{"name":"wp","href":"https:\/\/api.w.org\/{rel}","templated":true}]}}