{"id":102,"date":"2021-03-20T17:21:40","date_gmt":"2021-03-20T22:21:40","guid":{"rendered":"https:\/\/gestconocimiento.org\/cigcpm2022\/?page_id=102"},"modified":"2022-04-17T20:20:20","modified_gmt":"2022-04-18T01:20:20","slug":"lineamientos","status":"publish","type":"page","link":"https:\/\/gestconocimiento.org\/cigcpm2022\/lineamientos\/","title":{"rendered":"Lineamientos"},"content":{"rendered":"<p>[et_pb_section fb_built=&#8221;1&#8243; custom_padding_last_edited=&#8221;off|desktop&#8221; admin_label=&#8221;hero section&#8221; _builder_version=&#8221;4.16&#8243; use_background_color_gradient=&#8221;on&#8221; background_color_gradient_stops=&#8221;#ffffff 0%|#e7edf9 100%&#8221; background_color_gradient_start=&#8221;#ffffff&#8221; background_color_gradient_end=&#8221;#e7edf9&#8243; custom_margin=&#8221;|||&#8221; custom_padding=&#8221;100px||100px|&#8221; custom_padding_tablet=&#8221;130px||130px|&#8221; global_colors_info=&#8221;{}&#8221;][et_pb_row column_structure=&#8221;1_2,1_2&#8243; admin_label=&#8221;title and illustration&#8221; _builder_version=&#8221;4.16&#8243; background_size=&#8221;initial&#8221; background_position=&#8221;top_left&#8221; background_repeat=&#8221;repeat&#8221; custom_margin=&#8221;|||&#8221; global_colors_info=&#8221;{}&#8221;][et_pb_column type=&#8221;1_2&#8243; _builder_version=&#8221;4.16&#8243; custom_padding=&#8221;|||&#8221; global_colors_info=&#8221;{}&#8221; custom_padding__hover=&#8221;|||&#8221;][et_pb_text _builder_version=&#8221;4.16&#8243; text_font=&#8221;||||||||&#8221; header_font=&#8221;Merriweather|700|||||||&#8221; header_text_color=&#8221;#&#8221; header_font_size=&#8221;46px&#8221; header_line_height=&#8221;1.3em&#8221; custom_margin=&#8221;||0px|&#8221; animation_style=&#8221;flip&#8221; animation_direction=&#8221;top&#8221; global_colors_info=&#8221;{}&#8221;]<\/p>\n<h1>Lineamientos<\/h1>\n<p>[\/et_pb_text][et_pb_divider color=&#8221;#4646c4&#8243; divider_position=&#8221;center&#8221; divider_weight=&#8221;2px&#8221; _builder_version=&#8221;4.16&#8243; max_width=&#8221;90px&#8221; max_width_tablet=&#8221;12%&#8221; max_width_last_edited=&#8221;off|desktop&#8221; custom_margin=&#8221;|||&#8221; animation_style=&#8221;flip&#8221; animation_delay=&#8221;50ms&#8221; global_colors_info=&#8221;{}&#8221;][\/et_pb_divider][et_pb_text _builder_version=&#8221;4.16&#8243; text_font=&#8221;||||||||&#8221; text_font_size=&#8221;20px&#8221; text_line_height=&#8221;1.8em&#8221; custom_margin=&#8221;25px|||&#8221; animation_style=&#8221;flip&#8221; animation_direction=&#8221;top&#8221; animation_delay=&#8221;100ms&#8221; global_colors_info=&#8221;{}&#8221;]A continuaci\u00f3n listamos los lineamientos para participaci\u00f3n como ponentes en el V Congreso de Gesti\u00f3n del Conocimiento[\/et_pb_text][\/et_pb_column][et_pb_column type=&#8221;1_2&#8243; _builder_version=&#8221;4.16&#8243; custom_padding=&#8221;|||&#8221; global_colors_info=&#8221;{}&#8221; custom_padding__hover=&#8221;|||&#8221;][et_pb_image src=&#8221;https:\/\/gestconocimiento.org\/cigcpm2022\/wp-content\/uploads\/sites\/9\/2021\/03\/conference_illustration_05.png&#8221; force_fullwidth=&#8221;on&#8221; align_tablet=&#8221;center&#8221; align_phone=&#8221;&#8221; align_last_edited=&#8221;on|desktop&#8221; _builder_version=&#8221;4.16&#8243; animation_style=&#8221;slide&#8221; animation_direction=&#8221;right&#8221; animation_intensity_slide=&#8221;10%&#8221; always_center_on_mobile=&#8221;on&#8221; global_colors_info=&#8221;{}&#8221;][\/et_pb_image][\/et_pb_column][\/et_pb_row][\/et_pb_section][et_pb_section fb_built=&#8221;1&#8243; admin_label=&#8221;schedules section&#8221; _builder_version=&#8221;4.16&#8243; custom_padding=&#8221;100px||100px|&#8221; animation_style=&#8221;zoom&#8221; animation_intensity_zoom=&#8221;10%&#8221; global_colors_info=&#8221;{}&#8221;][et_pb_row _builder_version=&#8221;4.16&#8243; custom_padding=&#8221;10px|0px|10px|0px&#8221; border_color_all=&#8221;#4646c4&#8243; border_width_bottom=&#8221;3px&#8221; global_colors_info=&#8221;{}&#8221;][et_pb_column type=&#8221;4_4&#8243; _builder_version=&#8221;4.16&#8243; custom_padding=&#8221;|||&#8221; global_colors_info=&#8221;{}&#8221; custom_padding__hover=&#8221;|||&#8221;][et_pb_text _builder_version=&#8221;4.16&#8243; text_font=&#8221;||||||||&#8221; header_font=&#8221;||||||||&#8221; header_2_font=&#8221;Merriweather|700|||||||&#8221; header_2_line_height=&#8221;1.4em&#8221; global_colors_info=&#8221;{}&#8221;]<\/p>\n<h2>Lineamientos para la participaci\u00f3n con ponencias<\/h2>\n<p>[\/et_pb_text][\/et_pb_column][\/et_pb_row][et_pb_row _builder_version=&#8221;4.16&#8243; _module_preset=&#8221;default&#8221; global_colors_info=&#8221;{}&#8221;][et_pb_column type=&#8221;4_4&#8243; _builder_version=&#8221;4.16&#8243; _module_preset=&#8221;default&#8221; global_colors_info=&#8221;{}&#8221;][et_pb_text _builder_version=&#8221;4.16&#8243; _module_preset=&#8221;default&#8221; text_font_size=&#8221;16px&#8221; global_colors_info=&#8221;{}&#8221;]<\/p>\n<p>oEl n\u00famero m\u00e1ximo de autores por ponencia es de cuatro.<\/p>\n<ol>\n<li>El m\u00e1ximo de ponencias que puede presentar un autor es cuatro.<\/li>\n<li>Los trabajos podr\u00e1n ser presentados en espa\u00f1ol, portugu\u00e9s e ingl\u00e9s.<\/li>\n<li>El resumen no debe exceder las 200 palabras, debe reflejar objetivo, metodolog\u00eda, hallazgos y conclusi\u00f3n.<\/li>\n<li>La ponencia debe ser in\u00e9dita, resultado de investigaci\u00f3n te\u00f3rica o emp\u00edrica en curso o concluida. En cualquiera de los casos, la investigaci\u00f3n debe ser original, relevante y desarrollada con rigor cient\u00edfico.<\/li>\n<li>La extensi\u00f3n de la ponencia son 15 p\u00e1ginas como m\u00e1ximo considerando resumen, gr\u00e1ficos, cuadros, referencias bibliogr\u00e1ficas y cualquier anexo. Se debe enviar en formato Word (extensi\u00f3n.doc)<\/li>\n<li>Utilizar letra Times New Roman 12, con interlineado de 1.5 y m\u00e1rgenes de 2.5 (superior, inferior, izquierdo y derecho)<\/li>\n<li>La ponencia debe ser enviada en un archivo indicando: T\u00edtulo de la ponencia, datos del autor (es) en orden de participaci\u00f3n, indicando el correo electr\u00f3nico del contacto principal, e instituci\u00f3n de procedencia. Se\u00f1alar el \u00c1rea y eje tem\u00e1tico en el cual participa. Al elegir el \u00c1rea tem\u00e1tica de participaci\u00f3n deber\u00e1 tomar en cuenta el hilo conductor del trabajo que estar\u00e1 relacionado con las palabras clave. T\u00edtulo, resumen m\u00e1ximo de 300 palabras, palabras clave de tres a cuatro, introducci\u00f3n que contenga objetivo y problema de investigaci\u00f3n, marco te\u00f3rico, metodolog\u00eda, an\u00e1lisis de resultados, reflexiones finales y referencias bibliogr\u00e1ficas en formato APA 6<\/li>\n<li>Todas las ponencias se someter\u00e1n a evaluaci\u00f3n doble ciego.<\/li>\n<li>La ponencia se deber\u00e1 de registrar solo en un \u00e1rea tem\u00e1tica referenciando el eje tem\u00e1tico del Congreso, la inscripci\u00f3n de un mismo trabajo en m\u00e1s de un \u00e1rea anular\u00e1 en autom\u00e1tico su registro<\/li>\n<li>Las ponencias deben ser enviadas al correo gestiondelconocimiento2020@gmail.com, el autor responsable del trabajo podr\u00e1 dar seguimiento a sus ponencias.<\/li>\n<li>El contenido de los libros que se publicar\u00e1n, ser\u00e1n los trabajos aceptados que hayan otorgado la cesi\u00f3n de derechos correspondiente en tiempo y forma, contar\u00e1n con el registro ISBN<\/li>\n<li>Solo se aceptar\u00e1n las ponencias que cumplan con los tiempos y condiciones establecidas en esta convocatoria. Cualquier otra situaci\u00f3n no considerada ser\u00e1 competencia de la Coordinaci\u00f3n Acad\u00e9mica del Congreso<\/li>\n<li>Se aceptar\u00e1n ponencias en espa\u00f1ol, ingl\u00e9s y portugu\u00e9s.<\/li>\n<\/ol>\n<p>[\/et_pb_text][\/et_pb_column][\/et_pb_row][\/et_pb_section]<\/p>\n","protected":false},"excerpt":{"rendered":"<p>LineamientosA continuaci\u00f3n listamos los lineamientos para participaci\u00f3n como ponentes en el V Congreso de Gesti\u00f3n del ConocimientoLineamientos para la participaci\u00f3n con ponenciasoEl n\u00famero m\u00e1ximo de autores por ponencia es de cuatro. El m\u00e1ximo de ponencias que puede presentar un autor es cuatro. Los trabajos podr\u00e1n ser presentados en espa\u00f1ol, portugu\u00e9s e ingl\u00e9s. El resumen no [&hellip;]<\/p>\n","protected":false},"author":1,"featured_media":0,"parent":0,"menu_order":0,"comment_status":"closed","ping_status":"closed","template":"","meta":{"_acf_changed":false,"_et_pb_use_builder":"on","_et_pb_old_content":"","_et_gb_content_width":"","footnotes":""},"class_list":["post-102","page","type-page","status-publish","hentry"],"acf":[],"_links":{"self":[{"href":"https:\/\/gestconocimiento.org\/cigcpm2022\/wp-json\/wp\/v2\/pages\/102","targetHints":{"allow":["GET"]}}],"collection":[{"href":"https:\/\/gestconocimiento.org\/cigcpm2022\/wp-json\/wp\/v2\/pages"}],"about":[{"href":"https:\/\/gestconocimiento.org\/cigcpm2022\/wp-json\/wp\/v2\/types\/page"}],"author":[{"embeddable":true,"href":"https:\/\/gestconocimiento.org\/cigcpm2022\/wp-json\/wp\/v2\/users\/1"}],"replies":[{"embeddable":true,"href":"https:\/\/gestconocimiento.org\/cigcpm2022\/wp-json\/wp\/v2\/comments?post=102"}],"version-history":[{"count":0,"href":"https:\/\/gestconocimiento.org\/cigcpm2022\/wp-json\/wp\/v2\/pages\/102\/revisions"}],"wp:attachment":[{"href":"https:\/\/gestconocimiento.org\/cigcpm2022\/wp-json\/wp\/v2\/media?parent=102"}],"curies":[{"name":"wp","href":"https:\/\/api.w.org\/{rel}","templated":true}]}}